{"id":670,"date":"2020-04-17T08:56:30","date_gmt":"2020-04-17T08:56:30","guid":{"rendered":"https:\/\/learn.functional.ai\/courses-all\/"},"modified":"2022-05-06T12:59:35","modified_gmt":"2022-05-06T12:59:35","slug":"courses-all","status":"publish","type":"page","link":"https:\/\/courses.toleducation.org\/hr\/","title":{"rendered":"Te\u010dajevi"},"content":{"rendered":"<div id=\"ld-course-list-content-4bd8424f27051324db9baab1dfc3d13e\" class=\"ld-course-list-content\" data-shortcode-atts=\"{&quot;orderby&quot;:&quot;date&quot;,&quot;col&quot;:&quot;3&quot;}\">\n\t\t\t<div class=\"ld-course-list-items row\">\n\t<!-- LearnDash Course Grid v1 --><div class=\"ld_course_grid col-sm-8 col-md-4 \">\n\t<article id=\"post-10762\" class=\" thumbnail course post-10762 sfwd-courses type-sfwd-courses status-publish has-post-thumbnail hentry\">\n\t\t\t\t\t\t\t\t<div class=\"ribbon free\">\n\t\t\t\tFree\t\t\t<\/div>\n\t\t\t\n\t\t\t\t\t\t<a href=\"https:\/\/courses.toleducation.org\/hr\/online-courses\/kako-izvestavati-o-dezinformacijama-i-pri-tom-medijski-opismeniti-citaoce\/\" rel=\"bookmark\">\n\t\t\t\t<img width=\"300\" height=\"150\" src=\"https:\/\/courses.toleducation.org\/wp-content\/uploads\/2023\/01\/upd-DALL\u00b7E-2023-01-28-14.16.26-media-literacy-slide-deck-open-on-laptop-screen-in-a-trendy-office-glitchy-image-blurry-unreadable-text-1-e1675347514281-300x150.png\" class=\"attachment-medium size-medium wp-post-image\" alt=\"\" loading=\"lazy\" srcset=\"https:\/\/courses.toleducation.org\/wp-content\/uploads\/2023\/01\/upd-DALL\u00b7E-2023-01-28-14.16.26-media-literacy-slide-deck-open-on-laptop-screen-in-a-trendy-office-glitchy-image-blurry-unreadable-text-1-e1675347514281-300x150.png 300w, https:\/\/courses.toleducation.org\/wp-content\/uploads\/2023\/01\/upd-DALL\u00b7E-2023-01-28-14.16.26-media-literacy-slide-deck-open-on-laptop-screen-in-a-trendy-office-glitchy-image-blurry-unreadable-text-1-e1675347514281-768x384.png 768w, https:\/\/courses.toleducation.org\/wp-content\/uploads\/2023\/01\/upd-DALL\u00b7E-2023-01-28-14.16.26-media-literacy-slide-deck-open-on-laptop-screen-in-a-trendy-office-glitchy-image-blurry-unreadable-text-1-e1675347514281.png 1024w\" sizes=\"(max-width: 300px) 100vw, 300px\" \/>\t\t\t<\/a>\n\t\t\t\t\t\n\t\t\t\t\t<div class=\"caption\">\n\t\t\t\t<h3 class=\"entry-title\">Kako izve\u0161tavati o dezinformacijama\u2026 i pri tom medijski opismeniti \u010ditaoce<\/h3>\n\t\t\t\t\t\t\t\t<div class=\"ld_course_grid_button\"><a class=\"btn btn-primary\" role=\"button\" href=\"https:\/\/courses.toleducation.org\/hr\/online-courses\/kako-izvestavati-o-dezinformacijama-i-pri-tom-medijski-opismeniti-citaoce\/\" rel=\"bookmark\">Zapo\u010dnite kurs<\/a><\/div>\n\t\t\t\t\t\t\t<\/div><!-- .entry-header -->\n\t\t\t<\/article><!-- #post-## -->\n<\/div><!-- .ld_course_grid -->\n<!-- LearnDash Course Grid v1 --><div class=\"ld_course_grid col-sm-8 col-md-4 \">\n\t<article id=\"post-7845\" class=\" thumbnail course post-7845 sfwd-courses type-sfwd-courses status-publish has-post-thumbnail hentry ld_course_tag-crash-course-journalism-during-infodemic-hr ld_course_tag-solutions-journalism\">\n\t\t\t\t\t\t\t\t<div class=\"ribbon\">\n\t\t\t\tFree\t\t\t<\/div>\n\t\t\t\n\t\t\t\t\t\t<a href=\"https:\/\/courses.toleducation.org\/hr\/online-courses\/novinarstvo-orijentisano-na-rjesenja-izvjestavanje-o-ucinkovitim-odgovorima-na-drustvene-probleme\/\" rel=\"bookmark\">\n\t\t\t\t<img width=\"300\" height=\"160\" src=\"https:\/\/courses.toleducation.org\/wp-content\/uploads\/2021\/06\/s60NSoaXbCHXrSkZ-stock_image-e1621879644271-300x160.jpg\" class=\"attachment-medium size-medium wp-post-image\" alt=\"\" loading=\"lazy\" srcset=\"https:\/\/courses.toleducation.org\/wp-content\/uploads\/2021\/06\/s60NSoaXbCHXrSkZ-stock_image-e1621879644271-300x160.jpg 300w, https:\/\/courses.toleducation.org\/wp-content\/uploads\/2021\/06\/s60NSoaXbCHXrSkZ-stock_image-e1621879644271-1024x547.jpg 1024w, https:\/\/courses.toleducation.org\/wp-content\/uploads\/2021\/06\/s60NSoaXbCHXrSkZ-stock_image-e1621879644271-768x411.jpg 768w, https:\/\/courses.toleducation.org\/wp-content\/uploads\/2021\/06\/s60NSoaXbCHXrSkZ-stock_image-e1621879644271-1536x821.jpg 1536w, https:\/\/courses.toleducation.org\/wp-content\/uploads\/2021\/06\/s60NSoaXbCHXrSkZ-stock_image-e1621879644271-400x214.jpg 400w, https:\/\/courses.toleducation.org\/wp-content\/uploads\/2021\/06\/s60NSoaXbCHXrSkZ-stock_image-e1621879644271.jpg 1680w\" sizes=\"(max-width: 300px) 100vw, 300px\" \/>\t\t\t<\/a>\n\t\t\t\t\t\n\t\t\t\t\t<div class=\"caption\">\n\t\t\t\t<h3 class=\"entry-title\">Novinarstvo orijentisano na rje\u0161enja: Izvje\u0161tavanje o u\u010dinkovitim odgovorima na dru\u0161tvene probleme<\/h3>\n\t\t\t\t\t\t\t\t<div class=\"ld_course_grid_button\"><a class=\"btn btn-primary\" role=\"button\" href=\"https:\/\/courses.toleducation.org\/hr\/online-courses\/novinarstvo-orijentisano-na-rjesenja-izvjestavanje-o-ucinkovitim-odgovorima-na-drustvene-probleme\/\" rel=\"bookmark\">Zapo\u010dnite kurs<\/a><\/div>\n\t\t\t\t\t\t\t<\/div><!-- .entry-header -->\n\t\t\t<\/article><!-- #post-## -->\n<\/div><!-- .ld_course_grid -->\n<!-- LearnDash Course Grid v1 --><div class=\"ld_course_grid col-sm-8 col-md-4 \">\n\t<article id=\"post-6934\" class=\" thumbnail course post-6934 sfwd-courses type-sfwd-courses status-publish has-post-thumbnail hentry ld_course_tag-crash-course-journalism-during-infodemic-hr\">\n\t\t\t\t\t\t\t\t<div class=\"ribbon\">\n\t\t\t\tFree\t\t\t<\/div>\n\t\t\t\n\t\t\t\t\t\t<a href=\"https:\/\/courses.toleducation.org\/hr\/online-courses\/naucite-kako-razotkriti-mitove-i-podvale\/\" rel=\"bookmark\">\n\t\t\t\t<img width=\"300\" height=\"200\" src=\"https:\/\/courses.toleducation.org\/wp-content\/uploads\/2021\/05\/mystifications-1-300x200.jpg\" class=\"attachment-medium size-medium wp-post-image\" alt=\"Learn How to Debunk Myths and Hoaxes\" loading=\"lazy\" srcset=\"https:\/\/courses.toleducation.org\/wp-content\/uploads\/2021\/05\/mystifications-1-300x200.jpg 300w, https:\/\/courses.toleducation.org\/wp-content\/uploads\/2021\/05\/mystifications-1-1024x683.jpg 1024w, https:\/\/courses.toleducation.org\/wp-content\/uploads\/2021\/05\/mystifications-1-768x512.jpg 768w, https:\/\/courses.toleducation.org\/wp-content\/uploads\/2021\/05\/mystifications-1-1536x1024.jpg 1536w, https:\/\/courses.toleducation.org\/wp-content\/uploads\/2021\/05\/mystifications-1-400x267.jpg 400w, https:\/\/courses.toleducation.org\/wp-content\/uploads\/2021\/05\/mystifications-1.jpg 1680w\" sizes=\"(max-width: 300px) 100vw, 300px\" \/>\t\t\t<\/a>\n\t\t\t\t\t\n\t\t\t\t\t<div class=\"caption\">\n\t\t\t\t<h3 class=\"entry-title\">Nau\u010dite kako razotkriti mitove i podvale<\/h3>\n\t\t\t\t\t\t\t\t<div class=\"ld_course_grid_button\"><a class=\"btn btn-primary\" role=\"button\" href=\"https:\/\/courses.toleducation.org\/hr\/online-courses\/naucite-kako-razotkriti-mitove-i-podvale\/\" rel=\"bookmark\">Zapo\u010dnite kurs<\/a><\/div>\n\t\t\t\t\t\t\t<\/div><!-- .entry-header -->\n\t\t\t<\/article><!-- #post-## -->\n<\/div><!-- .ld_course_grid -->\n<!-- LearnDash Course Grid v1 --><div class=\"ld_course_grid col-sm-8 col-md-4 \">\n\t<article id=\"post-6928\" class=\" thumbnail course post-6928 sfwd-courses type-sfwd-courses status-publish has-post-thumbnail hentry ld_course_tag-crash-course-journalism-during-infodemic-hr\">\n\t\t\t\t\t\t\t\t<div class=\"ribbon\">\n\t\t\t\tFree\t\t\t<\/div>\n\t\t\t\n\t\t\t\t\t\t<a href=\"https:\/\/courses.toleducation.org\/hr\/online-courses\/naucite-provjeravati-cinjenice-kao-profesionalac\/\" rel=\"bookmark\">\n\t\t\t\t<img width=\"300\" height=\"200\" src=\"https:\/\/courses.toleducation.org\/wp-content\/uploads\/2021\/05\/factchecking-2-300x200.jpg\" class=\"attachment-medium size-medium wp-post-image\" alt=\"\" loading=\"lazy\" srcset=\"https:\/\/courses.toleducation.org\/wp-content\/uploads\/2021\/05\/factchecking-2-300x200.jpg 300w, https:\/\/courses.toleducation.org\/wp-content\/uploads\/2021\/05\/factchecking-2-1024x683.jpg 1024w, https:\/\/courses.toleducation.org\/wp-content\/uploads\/2021\/05\/factchecking-2-768x512.jpg 768w, https:\/\/courses.toleducation.org\/wp-content\/uploads\/2021\/05\/factchecking-2-1536x1024.jpg 1536w, https:\/\/courses.toleducation.org\/wp-content\/uploads\/2021\/05\/factchecking-2-400x267.jpg 400w, https:\/\/courses.toleducation.org\/wp-content\/uploads\/2021\/05\/factchecking-2.jpg 1680w\" sizes=\"(max-width: 300px) 100vw, 300px\" \/>\t\t\t<\/a>\n\t\t\t\t\t\n\t\t\t\t\t<div class=\"caption\">\n\t\t\t\t<h3 class=\"entry-title\">Nau\u010dite provjeravati \u010dinjenice kao profesionalac<\/h3>\n\t\t\t\t\t\t\t\t<div class=\"ld_course_grid_button\"><a class=\"btn btn-primary\" role=\"button\" href=\"https:\/\/courses.toleducation.org\/hr\/online-courses\/naucite-provjeravati-cinjenice-kao-profesionalac\/\" rel=\"bookmark\">Zapo\u010dnite kurs<\/a><\/div>\n\t\t\t\t\t\t\t<\/div><!-- .entry-header -->\n\t\t\t<\/article><!-- #post-## -->\n<\/div><!-- .ld_course_grid -->\n<!-- LearnDash Course Grid v1 --><div class=\"ld_course_grid col-sm-8 col-md-4 \">\n\t<article id=\"post-6922\" class=\" thumbnail course post-6922 sfwd-courses type-sfwd-courses status-publish has-post-thumbnail hentry ld_course_tag-crash-course-journalism-during-infodemic-hr\">\n\t\t\t\t\t\t\t\t<div class=\"ribbon\">\n\t\t\t\tFree\t\t\t<\/div>\n\t\t\t\n\t\t\t\t\t\t<a href=\"https:\/\/courses.toleducation.org\/hr\/online-courses\/bavljenje-naukom-u-redakciji\/\" rel=\"bookmark\">\n\t\t\t\t<img width=\"300\" height=\"174\" src=\"https:\/\/courses.toleducation.org\/wp-content\/uploads\/2021\/03\/ef33BP8Lu1imHDmB-stock_image-300x174.jpg\" class=\"attachment-medium size-medium wp-post-image\" alt=\"Doing science in the newsroom\" loading=\"lazy\" srcset=\"https:\/\/courses.toleducation.org\/wp-content\/uploads\/2021\/03\/ef33BP8Lu1imHDmB-stock_image-300x174.jpg 300w, https:\/\/courses.toleducation.org\/wp-content\/uploads\/2021\/03\/ef33BP8Lu1imHDmB-stock_image-1024x592.jpg 1024w, https:\/\/courses.toleducation.org\/wp-content\/uploads\/2021\/03\/ef33BP8Lu1imHDmB-stock_image-768x444.jpg 768w, https:\/\/courses.toleducation.org\/wp-content\/uploads\/2021\/03\/ef33BP8Lu1imHDmB-stock_image-1536x889.jpg 1536w, https:\/\/courses.toleducation.org\/wp-content\/uploads\/2021\/03\/ef33BP8Lu1imHDmB-stock_image-400x231.jpg 400w, https:\/\/courses.toleducation.org\/wp-content\/uploads\/2021\/03\/ef33BP8Lu1imHDmB-stock_image.jpg 1680w\" sizes=\"(max-width: 300px) 100vw, 300px\" \/>\t\t\t<\/a>\n\t\t\t\t\t\n\t\t\t\t\t<div class=\"caption\">\n\t\t\t\t<h3 class=\"entry-title\">Bavljenje naukom u redakciji<\/h3>\n\t\t\t\t\t\t\t\t<div class=\"ld_course_grid_button\"><a class=\"btn btn-primary\" role=\"button\" href=\"https:\/\/courses.toleducation.org\/hr\/online-courses\/bavljenje-naukom-u-redakciji\/\" rel=\"bookmark\">Zapo\u010dnite kurs<\/a><\/div>\n\t\t\t\t\t\t\t<\/div><!-- .entry-header -->\n\t\t\t<\/article><!-- #post-## -->\n<\/div><!-- .ld_course_grid -->\n\t<\/div>\n\t\t\t<\/div>\n\t\t\n","protected":false},"excerpt":{"rendered":"","protected":false},"author":4,"featured_media":0,"parent":0,"menu_order":0,"comment_status":"closed","ping_status":"closed","template":"","meta":{"spay_email":""},"_links":{"self":[{"href":"https:\/\/courses.toleducation.org\/hr\/wp-json\/wp\/v2\/pages\/670"}],"collection":[{"href":"https:\/\/courses.toleducation.org\/hr\/wp-json\/wp\/v2\/pages"}],"about":[{"href":"https:\/\/courses.toleducation.org\/hr\/wp-json\/wp\/v2\/types\/page"}],"author":[{"embeddable":true,"href":"https:\/\/courses.toleducation.org\/hr\/wp-json\/wp\/v2\/users\/4"}],"replies":[{"embeddable":true,"href":"https:\/\/courses.toleducation.org\/hr\/wp-json\/wp\/v2\/comments?post=670"}],"version-history":[{"count":4,"href":"https:\/\/courses.toleducation.org\/hr\/wp-json\/wp\/v2\/pages\/670\/revisions"}],"predecessor-version":[{"id":9063,"href":"https:\/\/courses.toleducation.org\/hr\/wp-json\/wp\/v2\/pages\/670\/revisions\/9063"}],"wp:attachment":[{"href":"https:\/\/courses.toleducation.org\/hr\/wp-json\/wp\/v2\/media?parent=670"}],"curies":[{"name":"wp","href":"https:\/\/api.w.org\/{rel}","templated":true}]}}