{"id":6941,"date":"2021-05-11T22:48:08","date_gmt":"2021-05-11T22:48:08","guid":{"rendered":"https:\/\/courses.toleducation.org\/?page_id=6941"},"modified":"2021-05-11T23:19:03","modified_gmt":"2021-05-11T23:19:03","slug":"crash-course-journalism-during-infodemic","status":"publish","type":"page","link":"https:\/\/courses.toleducation.org\/hr\/crash-course-journalism-during-infodemic\/","title":{"rendered":"Baviti se novinarstvom tokom infodemije: kratki kurs"},"content":{"rendered":"<h2>English course name: Doing journalism during an infodemic: crash course package<\/h2>\n<div id=\"ld-course-list-content-d550206f58fc5f1442a43e6ed566476d\" class=\"ld-course-list-content\" data-shortcode-atts=\"{&quot;course_tag&quot;:&quot;crash-course-journalism-during-infodemic-hr&quot;,&quot;col&quot;:&quot;2&quot;}\">\n\t\t\t<div class=\"ld-course-list-items row\">\n\t<!-- LearnDash Course Grid v1 --><div class=\"ld_course_grid col-sm-12 col-md-6 \">\n\t<article id=\"post-7845\" class=\" thumbnail course post-7845 sfwd-courses type-sfwd-courses status-publish has-post-thumbnail hentry ld_course_tag-crash-course-journalism-during-infodemic-hr ld_course_tag-solutions-journalism\">\n\t\t\t\t\t\t\t\t<div class=\"ribbon\">\n\t\t\t\tFree\t\t\t<\/div>\n\t\t\t\n\t\t\t\t\t\t<a href=\"https:\/\/courses.toleducation.org\/hr\/online-courses\/novinarstvo-orijentisano-na-rjesenja-izvjestavanje-o-ucinkovitim-odgovorima-na-drustvene-probleme\/\" rel=\"bookmark\">\n\t\t\t\t<img width=\"300\" height=\"160\" src=\"https:\/\/courses.toleducation.org\/wp-content\/uploads\/2021\/06\/s60NSoaXbCHXrSkZ-stock_image-e1621879644271-300x160.jpg\" class=\"attachment-medium size-medium wp-post-image\" alt=\"\" loading=\"lazy\" srcset=\"https:\/\/courses.toleducation.org\/wp-content\/uploads\/2021\/06\/s60NSoaXbCHXrSkZ-stock_image-e1621879644271-300x160.jpg 300w, https:\/\/courses.toleducation.org\/wp-content\/uploads\/2021\/06\/s60NSoaXbCHXrSkZ-stock_image-e1621879644271-1024x547.jpg 1024w, https:\/\/courses.toleducation.org\/wp-content\/uploads\/2021\/06\/s60NSoaXbCHXrSkZ-stock_image-e1621879644271-768x411.jpg 768w, https:\/\/courses.toleducation.org\/wp-content\/uploads\/2021\/06\/s60NSoaXbCHXrSkZ-stock_image-e1621879644271-1536x821.jpg 1536w, https:\/\/courses.toleducation.org\/wp-content\/uploads\/2021\/06\/s60NSoaXbCHXrSkZ-stock_image-e1621879644271-400x214.jpg 400w, https:\/\/courses.toleducation.org\/wp-content\/uploads\/2021\/06\/s60NSoaXbCHXrSkZ-stock_image-e1621879644271.jpg 1680w\" sizes=\"(max-width: 300px) 100vw, 300px\" \/>\t\t\t<\/a>\n\t\t\t\t\t\n\t\t\t\t\t<div class=\"caption\">\n\t\t\t\t<h3 class=\"entry-title\">Novinarstvo orijentisano na rje\u0161enja: Izvje\u0161tavanje o u\u010dinkovitim odgovorima na dru\u0161tvene probleme<\/h3>\n\t\t\t\t\t\t\t\t<div class=\"ld_course_grid_button\"><a class=\"btn btn-primary\" role=\"button\" href=\"https:\/\/courses.toleducation.org\/hr\/online-courses\/novinarstvo-orijentisano-na-rjesenja-izvjestavanje-o-ucinkovitim-odgovorima-na-drustvene-probleme\/\" rel=\"bookmark\">Zapo\u010dnite kurs<\/a><\/div>\n\t\t\t\t\t\t\t<\/div><!-- .entry-header -->\n\t\t\t<\/article><!-- #post-## -->\n<\/div><!-- .ld_course_grid -->\n<!-- LearnDash Course Grid v1 --><div class=\"ld_course_grid col-sm-12 col-md-6 \">\n\t<article id=\"post-6934\" class=\" thumbnail course post-6934 sfwd-courses type-sfwd-courses status-publish has-post-thumbnail hentry ld_course_tag-crash-course-journalism-during-infodemic-hr\">\n\t\t\t\t\t\t\t\t<div class=\"ribbon\">\n\t\t\t\tFree\t\t\t<\/div>\n\t\t\t\n\t\t\t\t\t\t<a href=\"https:\/\/courses.toleducation.org\/hr\/online-courses\/naucite-kako-razotkriti-mitove-i-podvale\/\" rel=\"bookmark\">\n\t\t\t\t<img width=\"300\" height=\"200\" src=\"https:\/\/courses.toleducation.org\/wp-content\/uploads\/2021\/05\/mystifications-1-300x200.jpg\" class=\"attachment-medium size-medium wp-post-image\" alt=\"Learn How to Debunk Myths and Hoaxes\" loading=\"lazy\" srcset=\"https:\/\/courses.toleducation.org\/wp-content\/uploads\/2021\/05\/mystifications-1-300x200.jpg 300w, https:\/\/courses.toleducation.org\/wp-content\/uploads\/2021\/05\/mystifications-1-1024x683.jpg 1024w, https:\/\/courses.toleducation.org\/wp-content\/uploads\/2021\/05\/mystifications-1-768x512.jpg 768w, https:\/\/courses.toleducation.org\/wp-content\/uploads\/2021\/05\/mystifications-1-1536x1024.jpg 1536w, https:\/\/courses.toleducation.org\/wp-content\/uploads\/2021\/05\/mystifications-1-400x267.jpg 400w, https:\/\/courses.toleducation.org\/wp-content\/uploads\/2021\/05\/mystifications-1.jpg 1680w\" sizes=\"(max-width: 300px) 100vw, 300px\" \/>\t\t\t<\/a>\n\t\t\t\t\t\n\t\t\t\t\t<div class=\"caption\">\n\t\t\t\t<h3 class=\"entry-title\">Nau\u010dite kako razotkriti mitove i podvale<\/h3>\n\t\t\t\t\t\t\t\t<div class=\"ld_course_grid_button\"><a class=\"btn btn-primary\" role=\"button\" href=\"https:\/\/courses.toleducation.org\/hr\/online-courses\/naucite-kako-razotkriti-mitove-i-podvale\/\" rel=\"bookmark\">Zapo\u010dnite kurs<\/a><\/div>\n\t\t\t\t\t\t\t<\/div><!-- .entry-header -->\n\t\t\t<\/article><!-- #post-## -->\n<\/div><!-- .ld_course_grid -->\n<!-- LearnDash Course Grid v1 --><div class=\"ld_course_grid col-sm-12 col-md-6 \">\n\t<article id=\"post-6928\" class=\" thumbnail course post-6928 sfwd-courses type-sfwd-courses status-publish has-post-thumbnail hentry ld_course_tag-crash-course-journalism-during-infodemic-hr\">\n\t\t\t\t\t\t\t\t<div class=\"ribbon\">\n\t\t\t\tFree\t\t\t<\/div>\n\t\t\t\n\t\t\t\t\t\t<a href=\"https:\/\/courses.toleducation.org\/hr\/online-courses\/naucite-provjeravati-cinjenice-kao-profesionalac\/\" rel=\"bookmark\">\n\t\t\t\t<img width=\"300\" height=\"200\" src=\"https:\/\/courses.toleducation.org\/wp-content\/uploads\/2021\/05\/factchecking-2-300x200.jpg\" class=\"attachment-medium size-medium wp-post-image\" alt=\"\" loading=\"lazy\" srcset=\"https:\/\/courses.toleducation.org\/wp-content\/uploads\/2021\/05\/factchecking-2-300x200.jpg 300w, https:\/\/courses.toleducation.org\/wp-content\/uploads\/2021\/05\/factchecking-2-1024x683.jpg 1024w, https:\/\/courses.toleducation.org\/wp-content\/uploads\/2021\/05\/factchecking-2-768x512.jpg 768w, https:\/\/courses.toleducation.org\/wp-content\/uploads\/2021\/05\/factchecking-2-1536x1024.jpg 1536w, https:\/\/courses.toleducation.org\/wp-content\/uploads\/2021\/05\/factchecking-2-400x267.jpg 400w, https:\/\/courses.toleducation.org\/wp-content\/uploads\/2021\/05\/factchecking-2.jpg 1680w\" sizes=\"(max-width: 300px) 100vw, 300px\" \/>\t\t\t<\/a>\n\t\t\t\t\t\n\t\t\t\t\t<div class=\"caption\">\n\t\t\t\t<h3 class=\"entry-title\">Nau\u010dite provjeravati \u010dinjenice kao profesionalac<\/h3>\n\t\t\t\t\t\t\t\t<div class=\"ld_course_grid_button\"><a class=\"btn btn-primary\" role=\"button\" href=\"https:\/\/courses.toleducation.org\/hr\/online-courses\/naucite-provjeravati-cinjenice-kao-profesionalac\/\" rel=\"bookmark\">Zapo\u010dnite kurs<\/a><\/div>\n\t\t\t\t\t\t\t<\/div><!-- .entry-header -->\n\t\t\t<\/article><!-- #post-## -->\n<\/div><!-- .ld_course_grid -->\n<!-- LearnDash Course Grid v1 --><div class=\"ld_course_grid col-sm-12 col-md-6 \">\n\t<article id=\"post-6922\" class=\" thumbnail course post-6922 sfwd-courses type-sfwd-courses status-publish has-post-thumbnail hentry ld_course_tag-crash-course-journalism-during-infodemic-hr\">\n\t\t\t\t\t\t\t\t<div class=\"ribbon\">\n\t\t\t\tFree\t\t\t<\/div>\n\t\t\t\n\t\t\t\t\t\t<a href=\"https:\/\/courses.toleducation.org\/hr\/online-courses\/bavljenje-naukom-u-redakciji\/\" rel=\"bookmark\">\n\t\t\t\t<img width=\"300\" height=\"174\" src=\"https:\/\/courses.toleducation.org\/wp-content\/uploads\/2021\/03\/ef33BP8Lu1imHDmB-stock_image-300x174.jpg\" class=\"attachment-medium size-medium wp-post-image\" alt=\"Doing science in the newsroom\" loading=\"lazy\" srcset=\"https:\/\/courses.toleducation.org\/wp-content\/uploads\/2021\/03\/ef33BP8Lu1imHDmB-stock_image-300x174.jpg 300w, https:\/\/courses.toleducation.org\/wp-content\/uploads\/2021\/03\/ef33BP8Lu1imHDmB-stock_image-1024x592.jpg 1024w, https:\/\/courses.toleducation.org\/wp-content\/uploads\/2021\/03\/ef33BP8Lu1imHDmB-stock_image-768x444.jpg 768w, https:\/\/courses.toleducation.org\/wp-content\/uploads\/2021\/03\/ef33BP8Lu1imHDmB-stock_image-1536x889.jpg 1536w, https:\/\/courses.toleducation.org\/wp-content\/uploads\/2021\/03\/ef33BP8Lu1imHDmB-stock_image-400x231.jpg 400w, https:\/\/courses.toleducation.org\/wp-content\/uploads\/2021\/03\/ef33BP8Lu1imHDmB-stock_image.jpg 1680w\" sizes=\"(max-width: 300px) 100vw, 300px\" \/>\t\t\t<\/a>\n\t\t\t\t\t\n\t\t\t\t\t<div class=\"caption\">\n\t\t\t\t<h3 class=\"entry-title\">Bavljenje naukom u redakciji<\/h3>\n\t\t\t\t\t\t\t\t<div class=\"ld_course_grid_button\"><a class=\"btn btn-primary\" role=\"button\" href=\"https:\/\/courses.toleducation.org\/hr\/online-courses\/bavljenje-naukom-u-redakciji\/\" rel=\"bookmark\">Zapo\u010dnite kurs<\/a><\/div>\n\t\t\t\t\t\t\t<\/div><!-- .entry-header -->\n\t\t\t<\/article><!-- #post-## -->\n<\/div><!-- .ld_course_grid -->\n\t<\/div>\n\t\t\t<\/div>\n\t\t\n","protected":false},"excerpt":{"rendered":"<p>English course name: Doing journalism during an infodemic: crash course package<\/p>\n","protected":false},"author":2,"featured_media":0,"parent":0,"menu_order":0,"comment_status":"closed","ping_status":"closed","template":"","meta":{"spay_email":""},"_links":{"self":[{"href":"https:\/\/courses.toleducation.org\/hr\/wp-json\/wp\/v2\/pages\/6941"}],"collection":[{"href":"https:\/\/courses.toleducation.org\/hr\/wp-json\/wp\/v2\/pages"}],"about":[{"href":"https:\/\/courses.toleducation.org\/hr\/wp-json\/wp\/v2\/types\/page"}],"author":[{"embeddable":true,"href":"https:\/\/courses.toleducation.org\/hr\/wp-json\/wp\/v2\/users\/2"}],"replies":[{"embeddable":true,"href":"https:\/\/courses.toleducation.org\/hr\/wp-json\/wp\/v2\/comments?post=6941"}],"version-history":[{"count":5,"href":"https:\/\/courses.toleducation.org\/hr\/wp-json\/wp\/v2\/pages\/6941\/revisions"}],"predecessor-version":[{"id":6957,"href":"https:\/\/courses.toleducation.org\/hr\/wp-json\/wp\/v2\/pages\/6941\/revisions\/6957"}],"wp:attachment":[{"href":"https:\/\/courses.toleducation.org\/hr\/wp-json\/wp\/v2\/media?parent=6941"}],"curies":[{"name":"wp","href":"https:\/\/api.w.org\/{rel}","templated":true}]}}