{"id":9140,"date":"2022-05-26T16:02:48","date_gmt":"2022-05-26T16:02:48","guid":{"rendered":"https:\/\/courses.toleducation.org\/?page_id=9140"},"modified":"2022-05-26T16:02:51","modified_gmt":"2022-05-26T16:02:51","slug":"lekcje","status":"publish","type":"page","link":"https:\/\/courses.toleducation.org\/pl\/","title":{"rendered":"Lekcje"},"content":{"rendered":"<div id=\"ld-course-list-content-8108f69aa395d265d89d384b995d744e\" class=\"ld-course-list-content\" data-shortcode-atts=\"{&quot;orderby&quot;:&quot;date&quot;,&quot;col&quot;:&quot;2&quot;}\">\n\t\t\t<div class=\"ld-course-list-items row\">\n\t<!-- LearnDash Course Grid v1 --><div class=\"ld_course_grid col-sm-12 col-md-6 \">\n\t<article id=\"post-9116\" class=\" thumbnail course post-9116 sfwd-courses type-sfwd-courses status-publish has-post-thumbnail hentry ld_course_category-free-online-courses ld_course_category-solutions-journalism\">\n\t\t\t\t\t\t\t\t<div class=\"ribbon free\">\n\t\t\t\tFree\t\t\t<\/div>\n\t\t\t\n\t\t\t\t\t\t<a href=\"https:\/\/courses.toleducation.org\/pl\/online-courses\/dziennikarstwo-rozwiazan\/\" rel=\"bookmark\">\n\t\t\t\t<img width=\"300\" height=\"96\" src=\"https:\/\/courses.toleducation.org\/wp-content\/uploads\/2021\/10\/small-sojo-lamp-image-300x96.jpg\" class=\"attachment-medium size-medium wp-post-image\" alt=\"\" loading=\"lazy\" srcset=\"https:\/\/courses.toleducation.org\/wp-content\/uploads\/2021\/10\/small-sojo-lamp-image-300x96.jpg 300w, https:\/\/courses.toleducation.org\/wp-content\/uploads\/2021\/10\/small-sojo-lamp-image-1024x328.jpg 1024w, https:\/\/courses.toleducation.org\/wp-content\/uploads\/2021\/10\/small-sojo-lamp-image-768x246.jpg 768w, https:\/\/courses.toleducation.org\/wp-content\/uploads\/2021\/10\/small-sojo-lamp-image.jpg 1310w\" sizes=\"(max-width: 300px) 100vw, 300px\" \/>\t\t\t<\/a>\n\t\t\t\t\t\n\t\t\t\t\t<div class=\"caption\">\n\t\t\t\t<h3 class=\"entry-title\">Dziennikarstwo rozwi\u0105za\u0144: Informowanie o skutecznych rozwi\u0105zaniach problem\u00f3w spo\u0142ecznych<\/h3>\n\t\t\t\t\t\t\t\t<div class=\"ld_course_grid_button\"><a class=\"btn btn-primary\" role=\"button\" href=\"https:\/\/courses.toleducation.org\/pl\/online-courses\/dziennikarstwo-rozwiazan\/\" rel=\"bookmark\">Continue Study<\/a><\/div>\n\t\t\t\t\t\t\t<\/div><!-- .entry-header -->\n\t\t\t<\/article><!-- #post-## -->\n<\/div><!-- .ld_course_grid -->\n\t<\/div>\n\t\t\t<\/div>\n\t\t\n","protected":false},"excerpt":{"rendered":"","protected":false},"author":2,"featured_media":0,"parent":0,"menu_order":0,"comment_status":"closed","ping_status":"closed","template":"","meta":{"spay_email":""},"_links":{"self":[{"href":"https:\/\/courses.toleducation.org\/pl\/wp-json\/wp\/v2\/pages\/9140"}],"collection":[{"href":"https:\/\/courses.toleducation.org\/pl\/wp-json\/wp\/v2\/pages"}],"about":[{"href":"https:\/\/courses.toleducation.org\/pl\/wp-json\/wp\/v2\/types\/page"}],"author":[{"embeddable":true,"href":"https:\/\/courses.toleducation.org\/pl\/wp-json\/wp\/v2\/users\/2"}],"replies":[{"embeddable":true,"href":"https:\/\/courses.toleducation.org\/pl\/wp-json\/wp\/v2\/comments?post=9140"}],"version-history":[{"count":1,"href":"https:\/\/courses.toleducation.org\/pl\/wp-json\/wp\/v2\/pages\/9140\/revisions"}],"predecessor-version":[{"id":9141,"href":"https:\/\/courses.toleducation.org\/pl\/wp-json\/wp\/v2\/pages\/9140\/revisions\/9141"}],"wp:attachment":[{"href":"https:\/\/courses.toleducation.org\/pl\/wp-json\/wp\/v2\/media?parent=9140"}],"curies":[{"name":"wp","href":"https:\/\/api.w.org\/{rel}","templated":true}]}}